{"id":38,"date":"2021-02-06T12:34:33","date_gmt":"2021-02-06T11:34:33","guid":{"rendered":"http:\/\/abtorinoimpianti.com\/?page_id=38"},"modified":"2024-11-27T17:46:22","modified_gmt":"2024-11-27T16:46:22","slug":"immagini","status":"publish","type":"page","link":"https:\/\/abtorinoimpianti.com\/index.php\/immagini\/","title":{"rendered":"A.B. Torino Impianti: Soluzioni per le Tue Esigenze"},"content":{"rendered":"\n<p>A.B. Torino Impianti \u00e8 sempre al vostro servizio per fornire assistenza, consulenza e soluzioni personalizzate. Dalle piccole riparazioni agli impianti complessi, siamo il punto di riferimento per qualit\u00e0 e professionalit\u00e0.<\/p>\n\n\n\n<p class=\"has-text-align-center\"><strong><em>IMPIANTI PER LOCALI E RISTORAZIONE<\/em><\/strong><\/p>\n\n\n\n<div class=\"wp-block-group\"><div class=\"wp-block-group__inner-container is-layout-constrained wp-block-group-is-layout-constrained\">\n<figure class=\"wp-block-image size-large is-resized\"><img loading=\"lazy\" decoding=\"async\" width=\"825\" height=\"1024\" src=\"http:\/\/abtorinoimpianti.com\/wp-content\/uploads\/2024\/11\/IMG_4524-825x1024.jpg\" alt=\"\" class=\"wp-image-358\" style=\"width:678px;height:auto\" srcset=\"https:\/\/abtorinoimpianti.com\/wp-content\/uploads\/2024\/11\/IMG_4524-825x1024.jpg 825w, https:\/\/abtorinoimpianti.com\/wp-content\/uploads\/2024\/11\/IMG_4524-242x300.jpg 242w, https:\/\/abtorinoimpianti.com\/wp-content\/uploads\/2024\/11\/IMG_4524-768x953.jpg 768w, https:\/\/abtorinoimpianti.com\/wp-content\/uploads\/2024\/11\/IMG_4524.jpg 1179w\" sizes=\"(max-width: 767px) 89vw, (max-width: 1000px) 54vw, (max-width: 1071px) 543px, 580px\" \/><\/figure>\n\n\n\n<figure class=\"wp-block-image size-large is-resized\"><img loading=\"lazy\" decoding=\"async\" width=\"946\" height=\"710\" src=\"http:\/\/abtorinoimpianti.com\/wp-content\/uploads\/2024\/11\/CC8112E1-D51E-45FE-BEBA-1C45B80C7914-edited.jpeg\" alt=\"\" class=\"wp-image-333\" style=\"width:678px;height:auto\" srcset=\"https:\/\/abtorinoimpianti.com\/wp-content\/uploads\/2024\/11\/CC8112E1-D51E-45FE-BEBA-1C45B80C7914-edited.jpeg 946w, https:\/\/abtorinoimpianti.com\/wp-content\/uploads\/2024\/11\/CC8112E1-D51E-45FE-BEBA-1C45B80C7914-edited-300x225.jpeg 300w, https:\/\/abtorinoimpianti.com\/wp-content\/uploads\/2024\/11\/CC8112E1-D51E-45FE-BEBA-1C45B80C7914-edited-768x576.jpeg 768w\" sizes=\"(max-width: 767px) 89vw, (max-width: 1000px) 54vw, (max-width: 1071px) 543px, 580px\" \/><\/figure>\n\n\n\n<figure class=\"wp-block-image size-large is-resized\"><img loading=\"lazy\" decoding=\"async\" width=\"946\" height=\"710\" src=\"http:\/\/abtorinoimpianti.com\/wp-content\/uploads\/2024\/11\/73374BB3-F4E7-49EC-B8D3-264006720191-edited.jpeg\" alt=\"\" class=\"wp-image-334\" style=\"width:678px;height:auto\" srcset=\"https:\/\/abtorinoimpianti.com\/wp-content\/uploads\/2024\/11\/73374BB3-F4E7-49EC-B8D3-264006720191-edited.jpeg 946w, https:\/\/abtorinoimpianti.com\/wp-content\/uploads\/2024\/11\/73374BB3-F4E7-49EC-B8D3-264006720191-edited-300x225.jpeg 300w, https:\/\/abtorinoimpianti.com\/wp-content\/uploads\/2024\/11\/73374BB3-F4E7-49EC-B8D3-264006720191-edited-768x576.jpeg 768w\" sizes=\"(max-width: 767px) 89vw, (max-width: 1000px) 54vw, (max-width: 1071px) 543px, 580px\" \/><\/figure>\n\n\n\n<figure class=\"wp-block-image size-large is-resized\"><img loading=\"lazy\" decoding=\"async\" width=\"946\" height=\"1261\" src=\"http:\/\/abtorinoimpianti.com\/wp-content\/uploads\/2024\/11\/918ED7CF-45C7-43E7-86F1-63A099034B0C-edited.jpeg\" alt=\"\" class=\"wp-image-335\" style=\"width:678px;height:auto\" srcset=\"https:\/\/abtorinoimpianti.com\/wp-content\/uploads\/2024\/11\/918ED7CF-45C7-43E7-86F1-63A099034B0C-edited.jpeg 946w, https:\/\/abtorinoimpianti.com\/wp-content\/uploads\/2024\/11\/918ED7CF-45C7-43E7-86F1-63A099034B0C-edited-225x300.jpeg 225w, https:\/\/abtorinoimpianti.com\/wp-content\/uploads\/2024\/11\/918ED7CF-45C7-43E7-86F1-63A099034B0C-edited-768x1024.jpeg 768w\" sizes=\"(max-width: 767px) 89vw, (max-width: 1000px) 54vw, (max-width: 1071px) 543px, 580px\" \/><\/figure>\n\n\n\n<figure class=\"wp-block-image size-large is-resized\"><img loading=\"lazy\" decoding=\"async\" width=\"768\" height=\"1024\" src=\"https:\/\/abtorinoimpianti.com\/wp-content\/uploads\/2024\/11\/71e09291-39c7-49f1-84f2-b02454c0994d-768x1024.jpg\" alt=\"\" class=\"wp-image-352\" style=\"width:678px;height:auto\" srcset=\"https:\/\/abtorinoimpianti.com\/wp-content\/uploads\/2024\/11\/71e09291-39c7-49f1-84f2-b02454c0994d-768x1024.jpg 768w, https:\/\/abtorinoimpianti.com\/wp-content\/uploads\/2024\/11\/71e09291-39c7-49f1-84f2-b02454c0994d-225x300.jpg 225w, https:\/\/abtorinoimpianti.com\/wp-content\/uploads\/2024\/11\/71e09291-39c7-49f1-84f2-b02454c0994d-1152x1536.jpg 1152w, https:\/\/abtorinoimpianti.com\/wp-content\/uploads\/2024\/11\/71e09291-39c7-49f1-84f2-b02454c0994d.jpg 1200w\" sizes=\"(max-width: 767px) 89vw, (max-width: 1000px) 54vw, (max-width: 1071px) 543px, 580px\" \/><\/figure>\n<\/div><\/div>\n\n\n\n<p class=\"has-text-align-center\"><strong><em>SOLUZIONI PER LA TUA CASA<\/em><\/strong><\/p>\n\n\n\n<p>Ogni casa \u00e8 unica e richiede attenzione ai dettagli. A.B. Torino Impianti offre soluzioni personalizzate per tutti i tipi di impianti domestici, dalle ristrutturazioni di cucine e bagni agli impianti idraulici e di riscaldamento. Garantiamo interventi rapidi, efficaci e sempre nel rispetto delle vostre esigenze.<\/p>\n\n\n\n<div class=\"wp-block-group\"><div class=\"wp-block-group__inner-container is-layout-constrained wp-block-group-is-layout-constrained\">\n<figure class=\"wp-block-image size-full\"><img loading=\"lazy\" decoding=\"async\" width=\"768\" height=\"1024\" src=\"http:\/\/abtorinoimpianti.com\/wp-content\/uploads\/2021\/12\/7059F035-E1DE-45F8-BC39-AE27D1F421E9.jpeg\" alt=\"\" class=\"wp-image-316\" srcset=\"https:\/\/abtorinoimpianti.com\/wp-content\/uploads\/2021\/12\/7059F035-E1DE-45F8-BC39-AE27D1F421E9.jpeg 768w, https:\/\/abtorinoimpianti.com\/wp-content\/uploads\/2021\/12\/7059F035-E1DE-45F8-BC39-AE27D1F421E9-225x300.jpeg 225w\" sizes=\"(max-width: 767px) 89vw, (max-width: 1000px) 54vw, (max-width: 1071px) 543px, 580px\" \/><\/figure>\n\n\n\n<figure class=\"wp-block-image size-full\"><img loading=\"lazy\" decoding=\"async\" width=\"1200\" height=\"1600\" src=\"http:\/\/abtorinoimpianti.com\/wp-content\/uploads\/2021\/02\/811AC1BE-0382-447F-A445-B5FCF9A78F12.jpeg\" alt=\"\" class=\"wp-image-131\" srcset=\"https:\/\/abtorinoimpianti.com\/wp-content\/uploads\/2021\/02\/811AC1BE-0382-447F-A445-B5FCF9A78F12.jpeg 1200w, https:\/\/abtorinoimpianti.com\/wp-content\/uploads\/2021\/02\/811AC1BE-0382-447F-A445-B5FCF9A78F12-225x300.jpeg 225w, https:\/\/abtorinoimpianti.com\/wp-content\/uploads\/2021\/02\/811AC1BE-0382-447F-A445-B5FCF9A78F12-768x1024.jpeg 768w, https:\/\/abtorinoimpianti.com\/wp-content\/uploads\/2021\/02\/811AC1BE-0382-447F-A445-B5FCF9A78F12-1152x1536.jpeg 1152w\" sizes=\"(max-width: 767px) 89vw, (max-width: 1000px) 54vw, (max-width: 1071px) 543px, 580px\" \/><\/figure>\n\n\n\n<figure class=\"wp-block-image size-full\"><img loading=\"lazy\" decoding=\"async\" width=\"1920\" height=\"2560\" src=\"https:\/\/abtorinoimpianti.com\/wp-content\/uploads\/2024\/11\/IMG_4542-scaled.jpg\" alt=\"\" class=\"wp-image-353\" srcset=\"https:\/\/abtorinoimpianti.com\/wp-content\/uploads\/2024\/11\/IMG_4542-scaled.jpg 1920w, https:\/\/abtorinoimpianti.com\/wp-content\/uploads\/2024\/11\/IMG_4542-225x300.jpg 225w, https:\/\/abtorinoimpianti.com\/wp-content\/uploads\/2024\/11\/IMG_4542-768x1024.jpg 768w, https:\/\/abtorinoimpianti.com\/wp-content\/uploads\/2024\/11\/IMG_4542-1152x1536.jpg 1152w, https:\/\/abtorinoimpianti.com\/wp-content\/uploads\/2024\/11\/IMG_4542-1536x2048.jpg 1536w\" sizes=\"(max-width: 767px) 89vw, (max-width: 1000px) 54vw, (max-width: 1071px) 543px, 580px\" \/><\/figure>\n\n\n\n<figure class=\"wp-block-image size-full\"><img loading=\"lazy\" decoding=\"async\" width=\"1920\" height=\"2560\" src=\"http:\/\/abtorinoimpianti.com\/wp-content\/uploads\/2021\/10\/FEA35604-86C6-4081-8BC1-5DA0986221A5-scaled.jpeg\" alt=\"\" class=\"wp-image-294\" srcset=\"https:\/\/abtorinoimpianti.com\/wp-content\/uploads\/2021\/10\/FEA35604-86C6-4081-8BC1-5DA0986221A5-scaled.jpeg 1920w, https:\/\/abtorinoimpianti.com\/wp-content\/uploads\/2021\/10\/FEA35604-86C6-4081-8BC1-5DA0986221A5-225x300.jpeg 225w, https:\/\/abtorinoimpianti.com\/wp-content\/uploads\/2021\/10\/FEA35604-86C6-4081-8BC1-5DA0986221A5-768x1024.jpeg 768w, https:\/\/abtorinoimpianti.com\/wp-content\/uploads\/2021\/10\/FEA35604-86C6-4081-8BC1-5DA0986221A5-1152x1536.jpeg 1152w, https:\/\/abtorinoimpianti.com\/wp-content\/uploads\/2021\/10\/FEA35604-86C6-4081-8BC1-5DA0986221A5-1536x2048.jpeg 1536w\" sizes=\"(max-width: 767px) 89vw, (max-width: 1000px) 54vw, (max-width: 1071px) 543px, 580px\" \/><\/figure>\n\n\n\n<figure class=\"wp-block-image size-full\"><img loading=\"lazy\" decoding=\"async\" width=\"1920\" height=\"2560\" src=\"http:\/\/abtorinoimpianti.com\/wp-content\/uploads\/2021\/10\/32B4329E-00FB-4B9B-BAFE-23FD18F9D8CB-scaled.jpeg\" alt=\"\" class=\"wp-image-291\" srcset=\"https:\/\/abtorinoimpianti.com\/wp-content\/uploads\/2021\/10\/32B4329E-00FB-4B9B-BAFE-23FD18F9D8CB-scaled.jpeg 1920w, https:\/\/abtorinoimpianti.com\/wp-content\/uploads\/2021\/10\/32B4329E-00FB-4B9B-BAFE-23FD18F9D8CB-225x300.jpeg 225w, https:\/\/abtorinoimpianti.com\/wp-content\/uploads\/2021\/10\/32B4329E-00FB-4B9B-BAFE-23FD18F9D8CB-768x1024.jpeg 768w, https:\/\/abtorinoimpianti.com\/wp-content\/uploads\/2021\/10\/32B4329E-00FB-4B9B-BAFE-23FD18F9D8CB-1152x1536.jpeg 1152w, https:\/\/abtorinoimpianti.com\/wp-content\/uploads\/2021\/10\/32B4329E-00FB-4B9B-BAFE-23FD18F9D8CB-1536x2048.jpeg 1536w\" sizes=\"(max-width: 767px) 89vw, (max-width: 1000px) 54vw, (max-width: 1071px) 543px, 580px\" \/><\/figure>\n<\/div><\/div>\n\n\n\n<p class=\"has-text-align-center\"><strong><em>Non Aspettare!<br>Contattaci subito per una consulenza gratuita e scopri come A.B. Torino Impianti pu\u00f2 offrirti soluzioni personalizzate per ogni tua esigenza. Siamo a tua disposizione per garantire qualit\u00e0, professionalit\u00e0 e attenzione al dettaglio.<\/em><\/strong><\/p>\n\n\n\n<div class=\"wp-block-buttons is-content-justification-center is-layout-flex wp-container-core-buttons-is-layout-1 wp-block-buttons-is-layout-flex\">\n<div class=\"wp-block-button\"><a class=\"wp-block-button__link wp-element-button\" href=\"http:\/\/abtorinoimpianti.com\/index.php\/contatti\/\">Contattaci<\/a><\/div>\n<\/div>\n\n\n\n<p><\/p>\n","protected":false},"excerpt":{"rendered":"<p>A.B. Torino Impianti \u00e8 sempre al vostro servizio per fornire assistenza, consulenza e soluzioni personalizzate. Dalle piccole riparazioni agli impianti complessi, siamo il punto di riferimento per qualit\u00e0 e professionalit\u00e0. IMPIANTI PER LOCALI E RISTORAZIONE SOLUZIONI PER LA TUA CASA Ogni casa \u00e8 unica e richiede attenzione ai dettagli. A.B. Torino Impianti offre soluzioni personalizzate &hellip; <\/p>\n<p class=\"link-more\"><a href=\"https:\/\/abtorinoimpianti.com\/index.php\/immagini\/\" class=\"more-link\">Leggi tutto<span class=\"screen-reader-text\"> &#8220;A.B. Torino Impianti: Soluzioni per le Tue Esigenze&#8221;<\/span><\/a><\/p>\n","protected":false},"author":1,"featured_media":282,"parent":0,"menu_order":0,"comment_status":"closed","ping_status":"closed","template":"","meta":{"footnotes":""},"class_list":["post-38","page","type-page","status-publish","has-post-thumbnail","hentry"],"_links":{"self":[{"href":"https:\/\/abtorinoimpianti.com\/index.php\/wp-json\/wp\/v2\/pages\/38"}],"collection":[{"href":"https:\/\/abtorinoimpianti.com\/index.php\/wp-json\/wp\/v2\/pages"}],"about":[{"href":"https:\/\/abtorinoimpianti.com\/index.php\/wp-json\/wp\/v2\/types\/page"}],"author":[{"embeddable":true,"href":"https:\/\/abtorinoimpianti.com\/index.php\/wp-json\/wp\/v2\/users\/1"}],"replies":[{"embeddable":true,"href":"https:\/\/abtorinoimpianti.com\/index.php\/wp-json\/wp\/v2\/comments?post=38"}],"version-history":[{"count":32,"href":"https:\/\/abtorinoimpianti.com\/index.php\/wp-json\/wp\/v2\/pages\/38\/revisions"}],"predecessor-version":[{"id":361,"href":"https:\/\/abtorinoimpianti.com\/index.php\/wp-json\/wp\/v2\/pages\/38\/revisions\/361"}],"wp:featuredmedia":[{"embeddable":true,"href":"https:\/\/abtorinoimpianti.com\/index.php\/wp-json\/wp\/v2\/media\/282"}],"wp:attachment":[{"href":"https:\/\/abtorinoimpianti.com\/index.php\/wp-json\/wp\/v2\/media?parent=38"}],"curies":[{"name":"wp","href":"https:\/\/api.w.org\/{rel}","templated":true}]}}